{"id":250,"date":"2024-11-14T18:15:32","date_gmt":"2024-11-14T17:15:32","guid":{"rendered":"https:\/\/modecraft-survie.com\/?page_id=250"},"modified":"2024-11-15T18:04:02","modified_gmt":"2024-11-15T17:04:02","slug":"better-avoid-me","status":"publish","type":"page","link":"https:\/\/modecraft-survie.com\/index.php\/better-avoid-me\/","title":{"rendered":"Better Avoid Me"},"content":{"rendered":"<div data-colibri-id=\"250-c1\" class=\"style-348 style-local-250-c1 position-relative\">\n  <!---->\n  <div data-colibri-component=\"section\" data-colibri-id=\"250-c2\" id=\"custom\" class=\"h-section h-section-global-spacing d-flex align-items-lg-center align-items-md-center align-items-center style-356 style-local-250-c2 position-relative\">\n    <!---->\n    <!---->\n    <div class=\"h-section-grid-container h-section-boxed-container\">\n      <!---->\n      <div data-colibri-id=\"250-c17\" class=\"h-row-container gutters-row-lg-2 gutters-row-md-2 gutters-row-0 gutters-row-v-lg-2 gutters-row-v-md-2 gutters-row-v-2 style-384 style-local-250-c17 position-relative\">\n        <!---->\n        <div class=\"h-row justify-content-lg-center justify-content-md-center justify-content-center align-items-lg-stretch align-items-md-stretch align-items-stretch gutters-col-lg-2 gutters-col-md-2 gutters-col-0 gutters-col-v-lg-2 gutters-col-v-md-2 gutters-col-v-2\">\n          <!---->\n          <div class=\"h-column h-column-container d-flex h-col-lg-auto h-col-md-auto h-col-auto style-385-outer style-local-250-c18-outer\">\n            <div data-colibri-id=\"250-c18\" class=\"d-flex h-flex-basis h-column__inner h-ui-empty-state-container h-px-lg-2 h-px-md-2 h-px-2 v-inner-lg-2 v-inner-md-2 v-inner-2 style-385 style-local-250-c18 position-relative\">\n              <!---->\n              <!---->\n              <div class=\"w-100 h-y-container h-column__content h-column__v-align flex-basis-100\">\n                <!---->\n              <\/div>\n            <\/div>\n          <\/div>\n        <\/div>\n      <\/div>\n      <div data-colibri-id=\"250-c3\" class=\"h-row-container gutters-row-lg-2 gutters-row-md-2 gutters-row-0 gutters-row-v-lg-2 gutters-row-v-md-2 gutters-row-v-2 style-357 style-local-250-c3 position-relative\">\n        <!---->\n        <div class=\"h-row justify-content-lg-center justify-content-md-center justify-content-center align-items-lg-stretch align-items-md-stretch align-items-stretch gutters-col-lg-2 gutters-col-md-2 gutters-col-0 gutters-col-v-lg-2 gutters-col-v-md-2 gutters-col-v-2\">\n          <!---->\n          <div class=\"h-column h-column-container d-flex h-col-lg-auto h-col-md-auto h-col-auto style-358-outer style-local-250-c4-outer\">\n            <div data-colibri-id=\"250-c4\" class=\"d-flex h-flex-basis h-column__inner h-px-lg-2 h-px-md-2 h-px-2 v-inner-lg-2 v-inner-md-2 v-inner-2 style-358 style-local-250-c4 position-relative\">\n              <!---->\n              <!---->\n              <div class=\"w-100 h-y-container h-column__content h-column__v-align flex-basis-100 align-self-lg-start align-self-md-start align-self-start\">\n                <!---->\n                <div data-colibri-id=\"250-c5\" class=\"h-text h-text-component style-360 style-local-250-c5 position-relative h-element\">\n                  <!---->\n                  <!---->\n                  <div class=\"\">\n                    <p>Imaginez un jeu de survie-horreur plong\u00e9 dans un univers sombre et oppressant, o\u00f9 chaque pas dans l&rsquo;obscurit\u00e9 peut signifier la diff\u00e9rence entre la vie et une fin atroce. Dans cet univers d\u00e9chir\u00e9 par le chaos, le joueur incarne un\n                      survivant solitaire en qu\u00eate de la seule solution capable de repousser les hordes infernales : l\u2019activation d\u2019une ancienne balise oubli\u00e9e, capable de cr\u00e9er un bouclier imp\u00e9n\u00e9trable et d\u2019annihiler les monstres qui arpentent les lieux.<\/p>\n                    <p>Pour activer cette balise, le joueur doit d\u2019abord ouvrir une porte myst\u00e9rieuse qui scelle son pouvoir. Cette porte, grav\u00e9e de runes d\u00e9lav\u00e9es et entour\u00e9e de sculptures macabres, ne peut \u00eatre d\u00e9verrouill\u00e9e qu\u2019avec cinq joyaux d\u2019une raret\u00e9\n                      inestimable. Chacun de ces joyaux, v\u00e9ritable \u0153uvre d\u2019art mystique, n\u2019est pas trouv\u00e9 tel quel : il doit \u00eatre assembl\u00e9 \u00e0 partir de trois fragments distincts, dispers\u00e9s \u00e0 travers un monde hant\u00e9 o\u00f9 chaque recoin peut cacher une horreur\n                      indicible.<\/p>\n                    <p>Chaque fragment est prot\u00e9g\u00e9 par une \u00e9nigme complexe, reflet des anciennes connaissances d\u2019une civilisation d\u00e9sormais disparue. R\u00e9soudre ces \u00e9nigmes demande perspicacit\u00e9, m\u00e9moire et logique, et le joueur doit naviguer prudemment dans\n                      cet environnement o\u00f9 chaque instant est ponctu\u00e9 par le bruit de grognements, de craquements sinistres et de souffles glac\u00e9s qui s\u2019approchent insidieusement.<\/p>\n                    <p>Le monde lui-m\u00eame est un labyrinthe tentaculaire de for\u00eats t\u00e9n\u00e9breuses, de ruines cr\u00e9pusculaires et de cavernes suintantes. Les cr\u00e9atures qui le hantent, connues sous le nom de Monstres du Chaos, sont des abominations aux formes tordues,\n                      fruits d\u2019exp\u00e9riences ou de mal\u00e9dictions oubli\u00e9es. Leur simple pr\u00e9sence peut glacer le sang, et leur intelligence sournoise les rend encore plus dangereux : ils traquent le joueur, l\u2019\u00e9coutent, et guettent le moindre signe de faiblesse.<\/p>\n                    <p>La tension est constante : les ressources sont rares, et chaque d\u00e9cision compte. Faut-il courir vers la lumi\u00e8re vacillante d\u2019un feu mourant pour tenter de se r\u00e9chauffer et de r\u00e9cup\u00e9rer, ou prendre le risque d\u2019explorer l\u2019ombre, sachant\n                      que des yeux inhumains y sont peut-\u00eatre d\u00e9j\u00e0 pos\u00e9s sur vous ?<\/p>\n                    <p>Lorsque tous les joyaux sont r\u00e9unis et la porte ouverte, le joueur doit faire face \u00e0 un choix ultime, et la balise, symbole d\u2019espoir et de d\u00e9sespoir, brille d\u2019une lueur presque divine. C\u2019est l\u00e0 que la v\u00e9ritable nature du combat contre\n                      les Monstres du Chaos r\u00e9v\u00e8le sa v\u00e9rit\u00e9 cach\u00e9e mais pour conna\u00eetre cette r\u00e9v\u00e9lation, le joueur devra s\u2019aventurer dans le jeu lui-m\u00eame.<\/p>\n                  <\/div>\n                <\/div>\n              <\/div>\n            <\/div>\n          <\/div>\n          <div class=\"h-column h-column-container d-flex h-col-lg-auto h-col-md-auto h-col-auto style-359-outer style-local-250-c6-outer\">\n            <div data-colibri-id=\"250-c6\" class=\"d-flex h-flex-basis h-column__inner h-px-lg-2 h-px-md-2 h-px-2 v-inner-lg-2 v-inner-md-2 v-inner-2 style-359 style-local-250-c6 position-relative\">\n              <!---->\n              <!---->\n              <div class=\"w-100 h-y-container h-column__content h-column__v-align flex-basis-100 align-self-lg-start align-self-md-start align-self-start\">\n                <!---->\n                <div data-colibri-id=\"250-c7\" class=\"d-block style-355 style-local-250-c7 position-relative h-element\">\n                  <!---->\n                  <div class=\"h-image__frame-container-outer\">\n                    <div class=\"h-image__frame-container\">\n                      <!---->\n                      <!---->\n                      <img fetchpriority=\"high\" decoding=\"async\" width=\"1024\" height=\"1024\" src=\"http:\/\/modecraft-survie.com\/wp-content\/uploads\/2024\/11\/cropped-DALL\u00b7E-2024-11-14-18.12.50-Create-a-dark-purple-themed-logo-with-a-terrifying-and-menacing-appearance.-Focus-on-sharp-glowing-eyes-as-the-central-feature-surrounded-by-intens.webp\"\n                        class=\"wp-image-333 style-355-image style-local-250-c7-image\" alt=\"\" srcset=\"https:\/\/modecraft-survie.com\/wp-content\/uploads\/2024\/11\/cropped-DALL\u00b7E-2024-11-14-18.12.50-Create-a-dark-purple-themed-logo-with-a-terrifying-and-menacing-appearance.-Focus-on-sharp-glowing-eyes-as-the-central-feature-surrounded-by-intens.webp 1024w, https:\/\/modecraft-survie.com\/wp-content\/uploads\/2024\/11\/cropped-DALL\u00b7E-2024-11-14-18.12.50-Create-a-dark-purple-themed-logo-with-a-terrifying-and-menacing-appearance.-Focus-on-sharp-glowing-eyes-as-the-central-feature-surrounded-by-intens-300x300.webp 300w, https:\/\/modecraft-survie.com\/wp-content\/uploads\/2024\/11\/cropped-DALL\u00b7E-2024-11-14-18.12.50-Create-a-dark-purple-themed-logo-with-a-terrifying-and-menacing-appearance.-Focus-on-sharp-glowing-eyes-as-the-central-feature-surrounded-by-intens-150x150.webp 150w, https:\/\/modecraft-survie.com\/wp-content\/uploads\/2024\/11\/cropped-DALL\u00b7E-2024-11-14-18.12.50-Create-a-dark-purple-themed-logo-with-a-terrifying-and-menacing-appearance.-Focus-on-sharp-glowing-eyes-as-the-central-feature-surrounded-by-intens-768x768.webp 768w\" sizes=\"(max-width: 1024px) 100vw, 1024px\" \/>\n                      <div class=\"h-image__frame h-hide-lg h-hide-md h-hide-sm style-355-frameImage style-local-250-c7-frameImage\"><\/div>\n                    <\/div>\n                  <\/div>\n                <\/div>\n                <div data-colibri-id=\"250-c8\" class=\"h-text h-text-component style-361 style-local-250-c8 position-relative h-element\">\n                  <!---->\n                  <!---->\n                  <div class=\"\">\n                    <p>Logo temporaire g\u00e9n\u00e9r\u00e9 avec OpenAI<\/p>\n                  <\/div>\n                <\/div>\n              <\/div>\n            <\/div>\n          <\/div>\n        <\/div>\n      <\/div>\n      <div data-colibri-id=\"250-c21\" class=\"h-row-container gutters-row-lg-2 gutters-row-md-2 gutters-row-0 gutters-row-v-lg-2 gutters-row-v-md-2 gutters-row-v-2 style-386 style-local-250-c21 position-relative\">\n        <!---->\n        <div class=\"h-row justify-content-lg-center justify-content-md-center justify-content-center align-items-lg-stretch align-items-md-stretch align-items-stretch gutters-col-lg-2 gutters-col-md-2 gutters-col-0 gutters-col-v-lg-2 gutters-col-v-md-2 gutters-col-v-2\">\n          <!---->\n          <div class=\"h-column h-column-container d-flex h-col-lg-auto h-col-md-auto h-col-auto style-387-outer style-local-250-c22-outer\">\n            <div data-colibri-id=\"250-c22\" class=\"d-flex h-flex-basis h-column__inner h-px-lg-2 h-px-md-2 h-px-2 v-inner-lg-2 v-inner-md-2 v-inner-2 style-387 style-local-250-c22 position-relative\">\n              <!---->\n              <!---->\n              <div class=\"w-100 h-y-container h-column__content h-column__v-align flex-basis-100 align-self-lg-start align-self-md-start align-self-start\">\n                <!---->\n                <div data-colibri-id=\"250-c23\" class=\"h-x-container style-380 style-local-250-c23 position-relative h-element\">\n                  <!---->\n                  <div class=\"h-x-container-inner style-dynamic-250-c23-group style-380-spacing style-local-250-c23-spacing\"><span class=\"h-button__outer style-381-outer style-local-250-c24-outer d-inline-flex h-element\"><a h-use-smooth-scroll=\"true\" href=\"\"  data-colibri-id=\"250-c24\" class=\"d-flex w-100 align-items-center h-button justify-content-lg-center justify-content-md-center justify-content-center style-381 style-local-250-c24 position-relative\"><!----><!----> <span>Pas encore t\u00e9l\u00e9chargeable ! :\/<\/span><\/a>\n                    <\/span>\n                  <\/div>\n                <\/div>\n              <\/div>\n            <\/div>\n          <\/div>\n        <\/div>\n      <\/div>\n      <div data-colibri-id=\"250-c9\" class=\"h-row-container gutters-row-lg-2 gutters-row-md-2 gutters-row-0 gutters-row-v-lg-2 gutters-row-v-md-2 gutters-row-v-2 style-378 style-local-250-c9 position-relative\">\n        <!---->\n        <div class=\"h-row justify-content-lg-center justify-content-md-center justify-content-center align-items-lg-stretch align-items-md-stretch align-items-stretch gutters-col-lg-2 gutters-col-md-2 gutters-col-0 gutters-col-v-lg-2 gutters-col-v-md-2 gutters-col-v-2\">\n          <!---->\n          <div class=\"h-column h-column-container d-flex h-col-lg-auto h-col-md-auto h-col-auto style-379-outer style-local-250-c10-outer\">\n            <div data-colibri-id=\"250-c10\" class=\"d-flex h-flex-basis h-column__inner h-ui-empty-state-container h-px-lg-2 h-px-md-2 h-px-2 v-inner-lg-2 v-inner-md-2 v-inner-2 style-379 style-local-250-c10 position-relative\">\n              <!---->\n              <!---->\n              <div class=\"w-100 h-y-container h-column__content h-column__v-align flex-basis-100\">\n                <!---->\n              <\/div>\n            <\/div>\n          <\/div>\n        <\/div>\n      <\/div>\n      <div data-colibri-id=\"250-c13\" class=\"h-row-container gutters-row-lg-2 gutters-row-md-2 gutters-row-0 gutters-row-v-lg-2 gutters-row-v-md-2 gutters-row-v-2 style-382 style-local-250-c13 position-relative\">\n        <!---->\n        <div class=\"h-row justify-content-lg-center justify-content-md-center justify-content-center align-items-lg-stretch align-items-md-stretch align-items-stretch gutters-col-lg-2 gutters-col-md-2 gutters-col-0 gutters-col-v-lg-2 gutters-col-v-md-2 gutters-col-v-2\">\n          <!---->\n          <div class=\"h-column h-column-container d-flex h-col-lg-auto h-col-md-auto h-col-auto style-383-outer style-local-250-c14-outer\">\n            <div data-colibri-id=\"250-c14\" class=\"d-flex h-flex-basis h-column__inner h-ui-empty-state-container h-px-lg-2 h-px-md-2 h-px-2 v-inner-lg-2 v-inner-md-2 v-inner-2 style-383 style-local-250-c14 position-relative\">\n              <!---->\n              <!---->\n              <div class=\"w-100 h-y-container h-column__content h-column__v-align flex-basis-100\">\n                <!---->\n              <\/div>\n            <\/div>\n          <\/div>\n        <\/div>\n      <\/div>\n    <\/div>\n  <\/div>\n<\/div>","protected":false},"excerpt":{"rendered":"<p>Imaginez un jeu de survie-horreur plong\u00e9 dans un univers sombre et oppressant, o\u00f9 chaque pas dans l&rsquo;obscurit\u00e9 peut signifier la diff\u00e9rence entre la vie et une fin atroce. Dans cet univers d\u00e9chir\u00e9 par le chaos, le joueur incarne un survivant solitaire en qu\u00eate de la seule solution capable de repousser les hordes infernales : l\u2019activation [&hellip;]<\/p>\n","protected":false},"author":1,"featured_media":0,"parent":0,"menu_order":0,"comment_status":"closed","ping_status":"closed","template":"page-templates\/full-width-page.php","meta":{"_bbp_topic_count":0,"_bbp_reply_count":0,"_bbp_total_topic_count":0,"_bbp_total_reply_count":0,"_bbp_voice_count":0,"_bbp_anonymous_reply_count":0,"_bbp_topic_count_hidden":0,"_bbp_reply_count_hidden":0,"_bbp_forum_subforum_count":0,"footnotes":""},"ppma_author":[6],"class_list":["post-250","page","type-page","status-publish","hentry"],"_links":{"self":[{"href":"https:\/\/modecraft-survie.com\/index.php\/wp-json\/wp\/v2\/pages\/250","targetHints":{"allow":["GET"]}}],"collection":[{"href":"https:\/\/modecraft-survie.com\/index.php\/wp-json\/wp\/v2\/pages"}],"about":[{"href":"https:\/\/modecraft-survie.com\/index.php\/wp-json\/wp\/v2\/types\/page"}],"author":[{"embeddable":true,"href":"https:\/\/modecraft-survie.com\/index.php\/wp-json\/wp\/v2\/users\/1"}],"replies":[{"embeddable":true,"href":"https:\/\/modecraft-survie.com\/index.php\/wp-json\/wp\/v2\/comments?post=250"}],"version-history":[{"count":7,"href":"https:\/\/modecraft-survie.com\/index.php\/wp-json\/wp\/v2\/pages\/250\/revisions"}],"predecessor-version":[{"id":421,"href":"https:\/\/modecraft-survie.com\/index.php\/wp-json\/wp\/v2\/pages\/250\/revisions\/421"}],"wp:attachment":[{"href":"https:\/\/modecraft-survie.com\/index.php\/wp-json\/wp\/v2\/media?parent=250"}],"wp:term":[{"taxonomy":"author","embeddable":true,"href":"https:\/\/modecraft-survie.com\/index.php\/wp-json\/wp\/v2\/ppma_author?post=250"}],"curies":[{"name":"wp","href":"https:\/\/api.w.org\/{rel}","templated":true}]}}